{"id":8,"date":"2022-09-19T11:05:44","date_gmt":"2022-09-19T11:05:44","guid":{"rendered":"http:\/\/otvesmuvek.enum.hu\/wpotvesmuvek\/?page_id=8"},"modified":"2023-03-02T15:41:25","modified_gmt":"2023-03-02T14:41:25","slug":"portofolio","status":"publish","type":"page","link":"https:\/\/otvesmuvek.hu\/index.php\/portofolio\/","title":{"rendered":"Portofolio"},"content":{"rendered":"\n<div class=\"wp-block-cover alignfull\" style=\"min-height:300px\"><span aria-hidden=\"true\" class=\"wp-block-cover__background has-nv-site-bg-background-color has-background-dim-100 has-background-dim\"><\/span><div class=\"wp-block-cover__inner-container is-layout-flow wp-block-cover-is-layout-flow\">\n<div class=\"wp-block-group is-layout-flow wp-block-group-is-layout-flow\"><div class=\"wp-block-group__inner-container\">\n<h1 class=\"has-text-align-left has-neve-text-color-color has-text-color wp-block-heading\">Kor\u00e1bbi munk\u00e1ink<\/h1>\n<\/div><\/div>\n<\/div><\/div>\n\n\n\n<div class=\"wp-block-cover alignfull\" style=\"min-height:600px\"><span aria-hidden=\"true\" class=\"wp-block-cover__background has-nv-light-bg-background-color has-background-dim-100 has-background-dim\"><\/span><div class=\"wp-block-cover__inner-container is-layout-flow wp-block-cover-is-layout-flow\">\n<div class=\"wp-block-group is-layout-flow wp-block-group-is-layout-flow\"><div class=\"wp-block-group__inner-container\">\n<div style=\"height:34px\" aria-hidden=\"true\" class=\"wp-block-spacer\"><\/div>\n\n\n\n<div class=\"wp-block-columns are-vertically-aligned-top is-layout-flex wp-container-core-columns-layout-1 wp-block-columns-is-layout-flex\">\n\n<div class=\"wp-block-column is-vertically-aligned-center is-layout-flow wp-block-column-is-layout-flow\" style=\"flex-basis:50%\">\n\n<figure class=\"wp-block-image size-full\"><img loading=\"lazy\" decoding=\"async\" width=\"670\" height=\"893\" src=\"http:\/\/otvesmuvek.hu\/wp-content\/uploads\/2022\/09\/20181004_094117_HDR.jpg\" alt=\"medence \u00e9p\u00edt\u00e9s\" class=\"wp-image-68\"\/><\/figure>\n\n\n<h3 class=\"has-text-align-center has-neve-text-color-color has-text-color wp-block-heading\">Medence-\u00e9p\u00edt\u00e9s<\/h3>\n\n\n<p class=\"has-text-align-center has-neve-text-color-color has-text-color\">A medence be\u00e9p\u00edt\u00e9s\u00e9hez es a wpc padl\u00f3hoz a legfontosabb a&nbsp;j\u00f3 tervez\u00e9s \u00e9s a j\u00f3 alap. Ahhoz, hogy min\u0151s\u00e9gi muk\u00e1t adjunk \u00e1t a megrendel\u0151 megel\u00e9ged\u00e9s\u00e9re, a munkafolyamatok \u00e9s anyagok helyes megv\u00e1laszt\u00e1sa \u00e9s sorrendje kulcs fontoss\u00e1g\u00fa.<\/p>\n\n\n<div class=\"wp-block-buttons is-content-justification-center is-layout-flex wp-container-core-buttons-layout-1 wp-block-buttons-is-layout-flex\">\n\n<div class=\"wp-block-button is-style-primary\"><a class=\"wp-block-button__link wp-element-button\" href=\"https:\/\/otvesmuvek.hu\/index.php\/2022\/11\/17\/medence-epites\/\">R\u00e9szletek<\/a><\/div>\n\n<\/div>\n\n\n<div style=\"height:40px\" aria-hidden=\"true\" class=\"wp-block-spacer\"><\/div>\n\n<\/div>\n\n\n<div class=\"wp-block-column is-vertically-aligned-top is-layout-flow wp-block-column-is-layout-flow\" style=\"flex-basis:50%\">\n\n<figure class=\"wp-block-image size-full\"><img loading=\"lazy\" decoding=\"async\" width=\"670\" height=\"893\" src=\"http:\/\/otvesmuvek.hu\/wp-content\/uploads\/2022\/09\/20210519_141952_HDR-1.jpg\" alt=\"Terasz-\u00e9p\u00edt\u00e9s\" class=\"wp-image-60\"\/><\/figure>\n\n\n<h3 class=\"has-text-align-center has-neve-text-color-color has-text-color wp-block-heading\">Terasz-\u00e9p\u00edt\u00e9s<\/h3>\n\n\n<p class=\"has-text-align-center has-neve-text-color-color has-text-color\">Z\u00e1rtszelv\u00e9ny szerkezeten kezelt haj\u00f3pall\u00f3, teak, vagy WPC burkolat&#8230;<\/p>\n\n\n<p class=\"has-text-align-center has-neve-text-color-color has-text-color\"> <\/p>\n\n\n<div class=\"wp-block-buttons is-content-justification-center is-layout-flex wp-container-core-buttons-layout-2 wp-block-buttons-is-layout-flex\">\n\n<div class=\"wp-block-button is-style-primary\"><a class=\"wp-block-button__link wp-element-button\" href=\"https:\/\/otvesmuvek.hu\/index.php\/2022\/11\/17\/teraszepites\/\">R\u00e9szletek<\/a><\/div>\n\n<\/div>\n\n\n<div style=\"height:40px\" aria-hidden=\"true\" class=\"wp-block-spacer\"><\/div>\n\n<\/div>\n\n<\/div>\n\n\n\n<div style=\"height:40px\" aria-hidden=\"true\" class=\"wp-block-spacer\"><\/div>\n<\/div><\/div>\n<\/div><\/div>\n\n\n\n<div class=\"wp-block-cover alignfull\" style=\"min-height:600px\"><span aria-hidden=\"true\" class=\"wp-block-cover__background has-nv-site-bg-background-color has-background-dim-100 has-background-dim\"><\/span><div class=\"wp-block-cover__inner-container is-layout-flow wp-block-cover-is-layout-flow\">\n<div class=\"wp-block-group is-layout-flow wp-block-group-is-layout-flow\"><div class=\"wp-block-group__inner-container\">\n<div style=\"height:80px\" aria-hidden=\"true\" class=\"wp-block-spacer\"><\/div>\n\n\n\n<div class=\"wp-block-columns are-vertically-aligned-center is-layout-flex wp-container-core-columns-layout-2 wp-block-columns-is-layout-flex\">\n<div class=\"wp-block-column is-vertically-aligned-center is-layout-flow wp-block-column-is-layout-flow\" style=\"flex-basis:50%\">\n<figure class=\"wp-block-image size-large\"><img decoding=\"async\" src=\"\/wpotvesmuvek\/wp-content\/uploads\/2022\/09\/20220902_112612.jpg\" alt=\"\"\/><\/figure>\n\n\n\n<h3 class=\"has-text-align-center has-neve-text-color-color has-text-color wp-block-heading\">F\u00fcrd\u0151szoba<\/h3>\n\n\n\n<p class=\"has-text-align-center has-neve-text-color-color has-text-color\">Kis- \u00e9s nagym\u00e9ret\u0171 f\u00fcrd\u00f6szob\u00e1k fel\u00faj\u00edt\u00e1s\u00e1t v\u00e9gezt\u00fck t\u00f6bb helyen Budapesten \u00e9s k\u00f6rny\u00e9k\u00e9n. Az al\u00e1bbi k\u00e9peken \u00e9p\u00edtett zuhany, \u00fcvegfallal, vagy \u00e9p\u00edtett fallal, pultok, be\u00e9p\u00edtett mosd\u00f3, k\u00e1d, wc l\u00e1that\u00f3. Teljes k\u00f6r\u0171 tervez\u00e9st \u00e9s kivitelez\u00e9st v\u00e1llalunk.<\/p>\n\n\n\n<div class=\"wp-block-buttons is-content-justification-center is-layout-flex wp-container-core-buttons-layout-3 wp-block-buttons-is-layout-flex\">\n<div class=\"wp-block-button is-style-primary\"><a class=\"wp-block-button__link wp-element-button\" href=\"https:\/\/otvesmuvek.hu\/index.php\/2022\/11\/17\/furdoszoba-felujitasok\/\">R\u00e9szletek<\/a><\/div>\n<\/div>\n\n\n\n<div style=\"height:40px\" aria-hidden=\"true\" class=\"wp-block-spacer\"><\/div>\n<\/div>\n\n\n\n<div class=\"wp-block-column is-vertically-aligned-top is-layout-flow wp-block-column-is-layout-flow\" style=\"flex-basis:50%\">\n<figure class=\"wp-block-image size-large\"><img decoding=\"async\" src=\"\/wpotvesmuvek\/wp-content\/uploads\/2022\/09\/20220221_121707.jpg\" alt=\"\"\/><\/figure>\n\n\n\n<h3 class=\"has-text-align-center has-neve-text-color-color has-text-color wp-block-heading\">Teljes fel\u00faj\u00edt\u00e1s<\/h3>\n\n\n\n<p class=\"has-text-align-center has-neve-text-color-color has-text-color\">Bont\u00e1s, a t\u00f6rmel\u00e9k, sitt elsz\u00e1ll\u00edt\u00e1sa, \u00e9p\u00edt\u00e9s, glettel\u00e9s, fest\u00e9s, burkol\u00e1s, v\u00edzvezet\u00e9kek \u00e9s lefoly\u00f3k ki\u00e9p\u00edt\u00e9se, szerel\u00e9se<\/p>\n\n\n\n<p><\/p>\n\n\n\n<div class=\"wp-block-buttons is-content-justification-center is-layout-flex wp-container-core-buttons-layout-4 wp-block-buttons-is-layout-flex\">\n<div class=\"wp-block-button is-style-primary\"><a class=\"wp-block-button__link wp-element-button\" href=\"https:\/\/otvesmuvek.hu\/index.php\/2022\/11\/17\/teljes-felujitas\/\">R\u00e9szletek<\/a><\/div>\n<\/div>\n\n\n\n<div style=\"height:40px\" aria-hidden=\"true\" class=\"wp-block-spacer\"><\/div>\n<\/div>\n<\/div>\n\n\n\n<div style=\"height:40px\" aria-hidden=\"true\" class=\"wp-block-spacer\"><\/div>\n<\/div><\/div>\n<\/div><\/div>\n\n\n\n<div class=\"wp-block-cover alignfull\" style=\"min-height:300px\"><span aria-hidden=\"true\" class=\"wp-block-cover__background has-nv-dark-bg-background-color has-background-dim-100 has-background-dim\"><\/span><div class=\"wp-block-cover__inner-container is-layout-flow wp-block-cover-is-layout-flow\">\n<div style=\"height:80px\" aria-hidden=\"true\" class=\"wp-block-spacer\"><\/div>\n\n\n<div class=\"wp-block-image is-style-rounded\">\n<figure class=\"aligncenter size-large is-resized\"><img loading=\"lazy\" decoding=\"async\" src=\"\/wpotvesmuvek\/wp-content\/uploads\/2022\/09\/e2569dbd-5aef-4dd3-9749-95478cf51c17-1.jpg\" alt=\"\" width=\"72\" height=\"72\"\/><\/figure><\/div>\n\n\n<p class=\"has-text-align-center has-nv-text-dark-bg-color has-text-color\">\u201cNagyon el\u00e9gedett vagyok, sz\u00e9p \u00e9s prec\u00edz munk\u00e1t v\u00e9geztek, a megbesz\u00e9lt id\u0151re elk\u00e9sz\u00fcltek.\u201d<\/p>\n\n\n\n<p class=\"has-text-align-center has-nv-text-dark-bg-color has-text-color\" style=\"font-size:14px\">J. M\u00f3nika<\/p>\n\n\n\n<div style=\"height:80px\" aria-hidden=\"true\" class=\"wp-block-spacer\"><\/div>\n<\/div><\/div>\n","protected":false},"excerpt":{"rendered":"","protected":false},"author":1,"featured_media":68,"parent":0,"menu_order":0,"comment_status":"closed","ping_status":"closed","template":"","meta":{"neve_meta_sidebar":"","neve_meta_container":"","neve_meta_enable_content_width":"on","neve_meta_content_width":100,"neve_meta_title_alignment":"","neve_meta_author_avatar":"","neve_post_elements_order":"","neve_meta_disable_header":"","neve_meta_disable_footer":"","neve_meta_disable_title":"on","footnotes":""},"_links":{"self":[{"href":"https:\/\/otvesmuvek.hu\/index.php\/wp-json\/wp\/v2\/pages\/8"}],"collection":[{"href":"https:\/\/otvesmuvek.hu\/index.php\/wp-json\/wp\/v2\/pages"}],"about":[{"href":"https:\/\/otvesmuvek.hu\/index.php\/wp-json\/wp\/v2\/types\/page"}],"author":[{"embeddable":true,"href":"https:\/\/otvesmuvek.hu\/index.php\/wp-json\/wp\/v2\/users\/1"}],"replies":[{"embeddable":true,"href":"https:\/\/otvesmuvek.hu\/index.php\/wp-json\/wp\/v2\/comments?post=8"}],"version-history":[{"count":27,"href":"https:\/\/otvesmuvek.hu\/index.php\/wp-json\/wp\/v2\/pages\/8\/revisions"}],"predecessor-version":[{"id":276,"href":"https:\/\/otvesmuvek.hu\/index.php\/wp-json\/wp\/v2\/pages\/8\/revisions\/276"}],"wp:featuredmedia":[{"embeddable":true,"href":"https:\/\/otvesmuvek.hu\/index.php\/wp-json\/wp\/v2\/media\/68"}],"wp:attachment":[{"href":"https:\/\/otvesmuvek.hu\/index.php\/wp-json\/wp\/v2\/media?parent=8"}],"curies":[{"name":"wp","href":"https:\/\/api.w.org\/{rel}","templated":true}]}}