{"id":5,"date":"2022-09-19T11:05:44","date_gmt":"2022-09-19T11:05:44","guid":{"rendered":"http:\/\/otvesmuvek.enum.hu\/wpotvesmuvek\/?page_id=5"},"modified":"2023-01-09T22:43:59","modified_gmt":"2023-01-09T21:43:59","slug":"home","status":"publish","type":"page","link":"https:\/\/otvesmuvek.hu\/","title":{"rendered":"Home burkol\u00e1s, fel\u00faj\u00edt\u00e1s"},"content":{"rendered":"\n<div class=\"wp-block-cover alignfull is-light has-custom-content-position is-position-top-center\" style=\"min-height:100vh\"><span aria-hidden=\"true\" class=\"wp-block-cover__background has-background-dim-20 has-background-dim\"><\/span><img loading=\"lazy\" decoding=\"async\" width=\"1024\" height=\"820\" class=\"wp-block-cover__image-background wp-image-233\" alt=\"\u00c9p\u00edt\u00e9s, burkol\u00e1s fel\u00faj\u00edt\u00e1s\" src=\"https:\/\/otvesmuvek.hu\/wpotvesmuvek\/wp-content\/uploads\/2022\/11\/home-headbg.jpg\" data-object-fit=\"cover\"\/><div class=\"wp-block-cover__inner-container is-layout-flow wp-block-cover-is-layout-flow\">\n<div style=\"height:16px\" aria-hidden=\"true\" class=\"wp-block-spacer\"><\/div>\n\n\n\n<h1 class=\"alignwide has-text-align-left has-nv-site-bg-color has-text-color has-background wp-block-heading\" style=\"background-color:#0000007d;font-size:30px;font-style:normal;font-weight:800\">Kivitelez\u00e9s a legmagasabb technol\u00f3giai \u00e9s eszt\u00e9tikai ig\u00e9nyess\u00e9ggel.<\/h1>\n\n\n\n<p class=\"has-text-align-center has-nv-site-bg-color has-text-color\" style=\"font-size:21px\"> \u00c9p\u00edt\u00fcnk, bontuk, burkolunk, f\u00fcrd\u0151szob\u00e1k, teraszok, k\u00fcl- \u00e9s belt\u00e9ri \u00e9p\u00edtm\u00e9nyek gener\u00e1lkivitelez\u00e9s\u00e9t v\u00e1llaljuk. Els\u0151dleges c\u00e9lunk, hogy megb\u00edz\u00f3ink el\u00e9gedetten \u00e9s boldogan haszn\u00e1lj\u00e1k, amit meg\u00e9p\u00edt\u00fcnk.<\/p>\n\n\n\n<div class=\"wp-block-buttons is-content-justification-center is-layout-flex wp-container-core-buttons-layout-1 wp-block-buttons-is-layout-flex\">\n<div class=\"wp-block-button is-style-primary\"><a class=\"wp-block-button__link wp-element-button\" href=\"https:\/\/otvesmuvek.hu\/index.php\/contact\/\">Kapcsolat<\/a><\/div>\n\n\n\n<div class=\"wp-block-button is-style-secondary\"><a class=\"wp-block-button__link wp-element-button\" href=\"https:\/\/otvesmuvek.hu\/index.php\/portofolio\/\">Munk\u00e1ink<\/a><\/div>\n<\/div>\n\n\n\n<div style=\"height:80px\" aria-hidden=\"true\" class=\"wp-block-spacer\"><\/div>\n\n\n\n<div style=\"height:80px\" aria-hidden=\"true\" class=\"wp-block-spacer\"><\/div>\n<\/div><\/div>\n\n\n\n<div style=\"height:80px\" aria-hidden=\"true\" class=\"wp-block-spacer\"><\/div>\n\n\n\n<div class=\"wp-block-columns is-layout-flex wp-container-core-columns-layout-1 wp-block-columns-is-layout-flex\">\n<div class=\"wp-block-column is-layout-flow wp-block-column-is-layout-flow\"><div class=\"wp-block-image icon-style is-style-default\">\n<figure class=\"aligncenter size-large\"><img decoding=\"async\" src=\"https:\/\/otvesmuvek.hu\/wpotvesmuvek\/wp-content\/themes\/neve\/assets\/img\/starter-content\/icon-03.svg\" alt=\"\"\/><\/figure><\/div>\n\n\n<h3 class=\"has-text-align-center has-neve-text-color-color has-text-color wp-block-heading\">El\u0151re megbesz\u00e9lt \u00e1ron<\/h3>\n\n\n\n<p class=\"has-text-align-center\">\u00c1tn\u00e9zz\u00fck a terveket \u00e9s a helysz\u00ednt, megbesz\u00e9lj\u00fck, hogy mit, mikorra k\u00e9sz\u00edt\u00fcnk el, \u00e9s adunk egy \u00edr\u00e1sos \u00e1raj\u00e1nlatot.<\/p>\n\n\n\n<div style=\"height:20px\" aria-hidden=\"true\" class=\"wp-block-spacer\"><\/div>\n<\/div>\n\n\n\n<div class=\"wp-block-column is-layout-flow wp-block-column-is-layout-flow\"><div class=\"wp-block-image icon-style is-style-default\">\n<figure class=\"aligncenter size-large\"><img decoding=\"async\" src=\"https:\/\/otvesmuvek.hu\/wpotvesmuvek\/wp-content\/themes\/neve\/assets\/img\/starter-content\/icon-02.svg\" alt=\"\"\/><\/figure><\/div>\n\n\n<h3 class=\"has-text-align-center has-neve-text-color-color has-text-color wp-block-heading\">\u00c1tad\u00e1s hat\u00e1rid\u0151re<\/h3>\n\n\n\n<p class=\"has-text-align-center\">Ha elfogadja aj\u00e1nlatunkat \u00e9s megrendeli a munk\u00e1t, akkor az aj\u00e1nlatban szerepl\u0151 hat\u00e1rid\u0151re \u00e9s \u00e1ron \u00e1tadjuk \u00f6nnek az elv\u00e9gzett munka eredm\u00e9ny\u00e9t.<\/p>\n\n\n\n<div style=\"height:20px\" aria-hidden=\"true\" class=\"wp-block-spacer\"><\/div>\n<\/div>\n\n\n\n<div class=\"wp-block-column is-layout-flow wp-block-column-is-layout-flow\"><div class=\"wp-block-image icon-style is-style-rounded\">\n<figure class=\"aligncenter size-large\"><img decoding=\"async\" src=\"https:\/\/otvesmuvek.hu\/wpotvesmuvek\/wp-content\/themes\/neve\/assets\/img\/starter-content\/icon-01.svg\" alt=\"\"\/><\/figure><\/div>\n\n\n<h3 class=\"has-text-align-center has-neve-text-color-color has-text-color wp-block-heading\">Gyorsas\u00e1g, hat\u00e9konys\u00e1g<\/h3>\n\n\n\n<p class=\"has-text-align-center\">Munk\u00e1nkat hat\u00e9konyan v\u00e9gezz\u00fck, a k\u00fcl\u00f6nb\u00f6z\u0151 munkaf\u00e1zisokban dolgoz\u00f3 szakemberek ismerik a k\u00f6vetkez\u0151 f\u00e1zisok elv\u00e1r\u00e1sait, \u00edgy gyorsan \u00e9s pontosan tudunk dolgozni.<\/p>\n\n\n\n<div style=\"height:20px\" aria-hidden=\"true\" class=\"wp-block-spacer\"><\/div>\n<\/div>\n<\/div>\n\n\n\n<div style=\"height:80px\" aria-hidden=\"true\" class=\"wp-block-spacer\"><\/div>\n\n\n\n<div class=\"wp-block-cover alignfull\" style=\"min-height:600px\"><span aria-hidden=\"true\" class=\"wp-block-cover__background has-nv-light-bg-background-color has-background-dim-100 has-background-dim\"><\/span><div class=\"wp-block-cover__inner-container is-layout-flow wp-block-cover-is-layout-flow\">\n<div class=\"wp-block-group is-layout-flow wp-block-group-is-layout-flow\"><div class=\"wp-block-group__inner-container\">\n<div style=\"height:80px\" aria-hidden=\"true\" class=\"wp-block-spacer\"><\/div>\n\n\n\n<div class=\"wp-block-columns are-vertically-aligned-center is-layout-flex wp-container-core-columns-layout-2 wp-block-columns-is-layout-flex\">\n<div class=\"wp-block-column is-vertically-aligned-center is-layout-flow wp-block-column-is-layout-flow\" style=\"flex-basis:50%\">\n<figure class=\"wp-block-image size-large\"><img decoding=\"async\" src=\"https:\/\/otvesmuvek.hu\/wpotvesmuvek\/wp-content\/uploads\/2022\/09\/20181027_112447_HDR-1.jpg\" alt=\"medence \u00e9p\u00edt\u00e9s\"\/><\/figure>\n<\/div>\n\n\n\n<div class=\"wp-block-column is-vertically-aligned-center is-layout-flow wp-block-column-is-layout-flow\" style=\"flex-basis:50%\">\n<div style=\"height:20px\" aria-hidden=\"true\" class=\"wp-block-spacer\"><\/div>\n\n\n\n<h2 class=\"has-text-align-left has-neve-text-color-color has-text-color wp-block-heading\">Medence-\u00e9p\u00edt\u00e9s<\/h2>\n\n\n\n<p class=\"has-text-align-left has-neve-text-color-color has-text-color\" style=\"font-size:17px\">A medence be\u00e9p\u00edt\u00e9s\u00e9hez es a wpc padl\u00f3hoz a legfontosabb a&nbsp;j\u00f3 tervez\u00e9s \u00e9s a j\u00f3 alap. Ahhoz, hogy&nbsp; min\u0151s\u00e9gi muk\u00e1t adjunk \u00e1t a megrendel\u0151 megel\u00e9ged\u00e9s\u00e9re a munkafolyamatok \u00e9s anyagok helyes megv\u00e1laszt\u00e1sa \u00e9s sorrendje a kulcs.<\/p>\n\n\n\n<div class=\"wp-block-buttons is-content-justification-left is-layout-flex wp-container-core-buttons-layout-2 wp-block-buttons-is-layout-flex\">\n<div class=\"wp-block-button is-style-primary\"><a class=\"wp-block-button__link wp-element-button\" href=\"https:\/\/otvesmuvek.hu\/index.php\/2022\/11\/17\/medence-epites\/\">Tov\u00e1bbiak&#8230;<\/a><\/div>\n<\/div>\n<\/div>\n<\/div>\n\n\n\n<div style=\"height:40px\" aria-hidden=\"true\" class=\"wp-block-spacer\"><\/div>\n<\/div><\/div>\n<\/div><\/div>\n\n\n\n<div class=\"wp-block-cover alignfull\" style=\"min-height:600px\"><span aria-hidden=\"true\" class=\"wp-block-cover__background has-nv-site-bg-background-color has-background-dim-100 has-background-dim\"><\/span><div class=\"wp-block-cover__inner-container is-layout-flow wp-block-cover-is-layout-flow\">\n<div class=\"wp-block-group is-layout-flow wp-block-group-is-layout-flow\"><div class=\"wp-block-group__inner-container\">\n<div style=\"height:80px\" aria-hidden=\"true\" class=\"wp-block-spacer\"><\/div>\n\n\n\n<div class=\"wp-block-columns are-vertically-aligned-center is-layout-flex wp-container-core-columns-layout-3 wp-block-columns-is-layout-flex\">\n<div class=\"wp-block-column is-vertically-aligned-center is-layout-flow wp-block-column-is-layout-flow\" style=\"flex-basis:50%\">\n<h2 class=\"has-text-align-left has-neve-text-color-color has-text-color wp-block-heading\">F\u00fcrd\u0151szoba fel\u00faj\u00edt\u00e1s<\/h2>\n\n\n\n<p class=\"has-text-align-left has-neve-text-color-color has-text-color\" style=\"font-size:17px\">Kis- \u00e9s nagym\u00e9ret\u0171 f\u00fcrd\u00f6szob\u00e1k, \u00e9p\u00edtett zuhany, pult, be\u00e9p\u00edtett mosd\u00f3, k\u00e1d&#8230;<\/p>\n\n\n\n<div class=\"wp-block-buttons is-content-justification-left is-layout-flex wp-container-core-buttons-layout-3 wp-block-buttons-is-layout-flex\">\n<div class=\"wp-block-button is-style-primary\"><a class=\"wp-block-button__link wp-element-button\" href=\"https:\/\/otvesmuvek.hu\/index.php\/2022\/11\/17\/furdoszoba-felujitasok\/\">Tov\u00e1bbiak&#8230;<\/a><\/div>\n<\/div>\n\n\n\n<div style=\"height:40px\" aria-hidden=\"true\" class=\"wp-block-spacer\"><\/div>\n<\/div>\n\n\n\n<div class=\"wp-block-column is-vertically-aligned-center is-layout-flow wp-block-column-is-layout-flow\" style=\"flex-basis:50%\">\n<figure class=\"wp-block-image size-large\"><img decoding=\"async\" src=\"https:\/\/otvesmuvek.hu\/wpotvesmuvek\/wp-content\/uploads\/2022\/09\/20220902_112612.jpg\" alt=\"f\u00fcrd\u0151szoba fel\u00faj\u00edt\u00e1s\"\/><\/figure>\n<\/div>\n<\/div>\n\n\n\n<div style=\"height:40px\" aria-hidden=\"true\" class=\"wp-block-spacer\"><\/div>\n<\/div><\/div>\n<\/div><\/div>\n\n\n\n<div class=\"wp-block-cover alignfull\" style=\"min-height:600px\"><span aria-hidden=\"true\" class=\"wp-block-cover__background has-nv-dark-bg-background-color has-background-dim-100 has-background-dim\"><\/span><div class=\"wp-block-cover__inner-container is-layout-flow wp-block-cover-is-layout-flow\">\n<div class=\"wp-block-group is-layout-flow wp-block-group-is-layout-flow\"><div class=\"wp-block-group__inner-container\">\n<div style=\"height:80px\" aria-hidden=\"true\" class=\"wp-block-spacer\"><\/div>\n\n\n\n<div class=\"wp-block-columns are-vertically-aligned-center is-layout-flex wp-container-core-columns-layout-4 wp-block-columns-is-layout-flex\">\n<div class=\"wp-block-column is-vertically-aligned-center is-layout-flow wp-block-column-is-layout-flow\" style=\"flex-basis:50%\">\n<figure class=\"wp-block-image size-large\"><img decoding=\"async\" src=\"https:\/\/otvesmuvek.hu\/wpotvesmuvek\/wp-content\/uploads\/2022\/09\/20210511_103154_HDR.jpg\" alt=\"\"\/><\/figure>\n<\/div>\n\n\n\n<div class=\"wp-block-column is-vertically-aligned-center is-layout-flow wp-block-column-is-layout-flow\" style=\"flex-basis:50%\">\n<div style=\"height:40px\" aria-hidden=\"true\" class=\"wp-block-spacer\"><\/div>\n\n\n\n<h2 class=\"has-text-align-left has-nv-text-dark-bg-color has-text-color wp-block-heading\">Terasz\u00e9p\u00edt\u00e9s<\/h2>\n\n\n\n<p class=\"has-text-align-left has-nv-text-dark-bg-color has-text-color\" style=\"font-size:17px\">Teraszr\u00f3l p\u00e1r mondat&#8230;<\/p>\n\n\n\n<div class=\"wp-block-buttons is-content-justification-left is-layout-flex wp-container-core-buttons-layout-4 wp-block-buttons-is-layout-flex\">\n<div class=\"wp-block-button is-style-primary\"><a class=\"wp-block-button__link wp-element-button\" href=\"https:\/\/otvesmuvek.hu\/index.php\/2022\/11\/17\/teraszepites\/\">Tov\u00e1bbiak&#8230;<\/a><\/div>\n<\/div>\n<\/div>\n<\/div>\n\n\n\n<div style=\"height:40px\" aria-hidden=\"true\" class=\"wp-block-spacer\"><\/div>\n<\/div><\/div>\n<\/div><\/div>\n\n\n\n<div style=\"height:40px\" aria-hidden=\"true\" class=\"wp-block-spacer\"><\/div>\n\n\n\n<div class=\"wp-block-cover alignfull\" style=\"min-height:600px\"><span aria-hidden=\"true\" class=\"wp-block-cover__background has-nv-site-bg-background-color has-background-dim-100 has-background-dim\"><\/span><div class=\"wp-block-cover__inner-container is-layout-flow wp-block-cover-is-layout-flow\">\n<div class=\"wp-block-group is-layout-flow wp-block-group-is-layout-flow\"><div class=\"wp-block-group__inner-container\">\n<div style=\"height:80px\" aria-hidden=\"true\" class=\"wp-block-spacer\"><\/div>\n\n\n\n<h2 class=\"has-neve-text-color-color has-text-color wp-block-heading\">Kor\u00e1bbi munk\u00e1ink<\/h2>\n\n\n\n<div style=\"height:20px\" aria-hidden=\"true\" class=\"wp-block-spacer\"><\/div>\n\n\n\n<div class=\"wp-block-columns are-vertically-aligned-center is-layout-flex wp-container-core-columns-layout-5 wp-block-columns-is-layout-flex\">\n<div class=\"wp-block-column is-vertically-aligned-center is-layout-flow wp-block-column-is-layout-flow\" style=\"flex-basis:50%\">\n<figure class=\"wp-block-image size-large\"><img decoding=\"async\" src=\"https:\/\/otvesmuvek.hu\/wpotvesmuvek\/wp-content\/uploads\/2022\/09\/20210513_133225.jpg\" alt=\"\"\/><\/figure>\n\n\n\n<div style=\"height:40px\" aria-hidden=\"true\" class=\"wp-block-spacer\"><\/div>\n<\/div>\n\n\n\n<div class=\"wp-block-column is-vertically-aligned-center is-layout-flow wp-block-column-is-layout-flow\" style=\"flex-basis:50%\">\n<figure class=\"wp-block-image size-large\"><img decoding=\"async\" src=\"https:\/\/otvesmuvek.hu\/wpotvesmuvek\/wp-content\/uploads\/2022\/09\/20210519_141952_HDR-1.jpg\" alt=\"\"\/><\/figure>\n\n\n\n<div style=\"height:40px\" aria-hidden=\"true\" class=\"wp-block-spacer\"><\/div>\n<\/div>\n<\/div>\n\n\n\n<div style=\"height:40px\" aria-hidden=\"true\" class=\"wp-block-spacer\"><\/div>\n<\/div><\/div>\n<\/div><\/div>\n\n\n\n<div class=\"wp-block-cover alignfull\" style=\"min-height:420px\"><span aria-hidden=\"true\" class=\"wp-block-cover__background has-nv-light-bg-background-color has-background-dim-100 has-background-dim\"><\/span><div class=\"wp-block-cover__inner-container is-layout-flow wp-block-cover-is-layout-flow\">\n<div style=\"height:80px\" aria-hidden=\"true\" class=\"wp-block-spacer\"><\/div>\n\n\n\n<div class=\"wp-block-columns is-layout-flex wp-container-core-columns-layout-6 wp-block-columns-is-layout-flex\">\n<div class=\"wp-block-column is-layout-flow wp-block-column-is-layout-flow\">\n<figure class=\"wp-block-image size-large is-resized is-style-rounded\"><img loading=\"lazy\" decoding=\"async\" src=\"https:\/\/otvesmuvek.hu\/wpotvesmuvek\/wp-content\/uploads\/2022\/09\/e2569dbd-5aef-4dd3-9749-95478cf51c17-1.jpg\" alt=\"\" width=\"90\" height=\"90\"\/><\/figure>\n\n\n\n<p class=\"has-text-align-left has-neve-text-color-color has-text-color has-normal-font-size\">\u201cNagyon el\u00e9gedett vagyok, sz\u00e9p \u00e9s prec\u00edz munk\u00e1t  v\u00e9geztek, a megbesz\u00e9lt id\u0151re elk\u00e9sz\u00fcltek?\u201d<\/p>\n\n\n\n<p class=\"has-neve-text-color-color has-text-color\">J. M\u00f3nika<\/p>\n\n\n\n<div style=\"height:20px\" aria-hidden=\"true\" class=\"wp-block-spacer\"><\/div>\n<\/div>\n\n\n\n<div class=\"wp-block-column is-layout-flow wp-block-column-is-layout-flow\">\n<figure class=\"wp-block-image size-large is-resized is-style-rounded\"><img loading=\"lazy\" decoding=\"async\" src=\"https:\/\/otvesmuvek.hu\/wpotvesmuvek\/wp-content\/uploads\/2022\/09\/Screenshot-2022-09-19-163137.jpg\" alt=\"\" width=\"90\" height=\"90\"\/><\/figure>\n\n\n\n<p class=\"has-text-align-left has-neve-text-color-color has-text-color has-normal-font-size\">\u201cAlaposan megtervezt\u00fck \u00e9s pontosan azt kaptuk, amit megbesz\u00e9lt\u00fcnk. \u201d<\/p>\n\n\n\n<p class=\"has-neve-text-color-color has-text-color\">P. Krist\u00f3f<\/p>\n\n\n\n<div style=\"height:20px\" aria-hidden=\"true\" class=\"wp-block-spacer\"><\/div>\n<\/div>\n\n\n\n<div class=\"wp-block-column is-layout-flow wp-block-column-is-layout-flow\">\n<figure class=\"wp-block-image size-large is-resized is-style-rounded\"><img loading=\"lazy\" decoding=\"async\" src=\"https:\/\/otvesmuvek.hu\/wpotvesmuvek\/wp-content\/uploads\/2022\/09\/Screenshot-2022-09-19-163708.jpg\" alt=\"\" width=\"90\" height=\"90\"\/><\/figure>\n\n\n\n<p class=\"has-text-align-left has-neve-text-color-color has-text-color has-normal-font-size\">\u201cMisi nem ismer lehetetlent. V\u00e1ratlan helyzetben is kreat\u00edv \u00e9s \u00e1tgondolt kivitelez\u00e9st kaptam. Aj\u00e1nlom mindenkinek.\u201d<\/p>\n\n\n\n<p class=\"has-neve-text-color-color has-text-color\">D. Mih\u00e1ly<\/p>\n\n\n\n<div style=\"height:20px\" aria-hidden=\"true\" class=\"wp-block-spacer\"><\/div>\n<\/div>\n<\/div>\n\n\n\n<div style=\"height:30px\" aria-hidden=\"true\" class=\"wp-block-spacer\"><\/div>\n<\/div><\/div>\n\n\n\n<div class=\"wp-block-cover alignfull\" style=\"min-height:300px\"><span aria-hidden=\"true\" class=\"wp-block-cover__background has-nv-dark-bg-background-color has-background-dim-100 has-background-dim\"><\/span><div class=\"wp-block-cover__inner-container is-layout-flow wp-block-cover-is-layout-flow\">\n<div style=\"height:140px\" aria-hidden=\"true\" class=\"wp-block-spacer\"><\/div>\n\n\n\n<h2 class=\"has-text-align-center has-nv-text-dark-bg-color has-text-color wp-block-heading\">B\u00edzza r\u00e1nk k\u00f6vetkez\u0151 fel\u00faj\u00edt\u00e1s\u00e1t!<\/h2>\n\n\n\n<p class=\"has-text-align-center has-medium-font-size\">L\u00e9pjen kapcsolatba vel\u00fcnk, ha terve van \u00e9s kivitelez\u0151t keres. Kivitelez\u00e9si aj\u00e1nlatot adunk,<br>\u00e9s ha k\u00e9ri, felh\u00edvjuk figyelm\u00e9t egy\u00e9b k\u00f6lts\u00e9ghat\u00e9kony lehet\u0151s\u00e9gekre is.<\/p>\n\n\n\n<div class=\"wp-block-buttons is-content-justification-center is-layout-flex wp-container-core-buttons-layout-5 wp-block-buttons-is-layout-flex\">\n<div class=\"wp-block-button is-style-primary\"><a class=\"wp-block-button__link wp-element-button\" href=\"https:\/\/otvesmuvek.hu\/index.php\/contact\/\">KAPCSOLAT<\/a><\/div>\n<\/div>\n\n\n\n<div style=\"height:140px\" aria-hidden=\"true\" class=\"wp-block-spacer\"><\/div>\n<\/div><\/div>\n","protected":false},"excerpt":{"rendered":"<p>El\u0151re megbesz\u00e9lt \u00e1ron \u00c1tn\u00e9zz\u00fck a terveket \u00e9s a helysz\u00ednt, megbesz\u00e9lj\u00fck, hogy mit, mikorra k\u00e9sz\u00edt\u00fcnk el, \u00e9s adunk egy \u00edr\u00e1sos \u00e1raj\u00e1nlatot. \u00c1tad\u00e1s hat\u00e1rid\u0151re Ha elfogadja aj\u00e1nlatunkat \u00e9s megrendeli a munk\u00e1t, akkor az aj\u00e1nlatban szerepl\u0151 hat\u00e1rid\u0151re \u00e9s \u00e1ron \u00e1tadjuk \u00f6nnek az elv\u00e9gzett munka eredm\u00e9ny\u00e9t. Gyorsas\u00e1g, hat\u00e9konys\u00e1g Munk\u00e1nkat hat\u00e9konyan v\u00e9gezz\u00fck, a k\u00fcl\u00f6nb\u00f6z\u0151 munkaf\u00e1zisokban dolgoz\u00f3 szakemberek ismerik a k\u00f6vetkez\u0151&hellip;&nbsp;<a href=\"https:\/\/otvesmuvek.hu\/\" class=\"\" rel=\"bookmark\">Read More &raquo;<span class=\"screen-reader-text\">Home burkol\u00e1s, fel\u00faj\u00edt\u00e1s<\/span><\/a><\/p>\n","protected":false},"author":1,"featured_media":0,"parent":0,"menu_order":0,"comment_status":"closed","ping_status":"closed","template":"","meta":{"neve_meta_sidebar":"","neve_meta_container":"","neve_meta_enable_content_width":"on","neve_meta_content_width":100,"neve_meta_title_alignment":"","neve_meta_author_avatar":"","neve_post_elements_order":"","neve_meta_disable_header":"","neve_meta_disable_footer":"","neve_meta_disable_title":"on","footnotes":""},"_links":{"self":[{"href":"https:\/\/otvesmuvek.hu\/index.php\/wp-json\/wp\/v2\/pages\/5"}],"collection":[{"href":"https:\/\/otvesmuvek.hu\/index.php\/wp-json\/wp\/v2\/pages"}],"about":[{"href":"https:\/\/otvesmuvek.hu\/index.php\/wp-json\/wp\/v2\/types\/page"}],"author":[{"embeddable":true,"href":"https:\/\/otvesmuvek.hu\/index.php\/wp-json\/wp\/v2\/users\/1"}],"replies":[{"embeddable":true,"href":"https:\/\/otvesmuvek.hu\/index.php\/wp-json\/wp\/v2\/comments?post=5"}],"version-history":[{"count":47,"href":"https:\/\/otvesmuvek.hu\/index.php\/wp-json\/wp\/v2\/pages\/5\/revisions"}],"predecessor-version":[{"id":244,"href":"https:\/\/otvesmuvek.hu\/index.php\/wp-json\/wp\/v2\/pages\/5\/revisions\/244"}],"wp:attachment":[{"href":"https:\/\/otvesmuvek.hu\/index.php\/wp-json\/wp\/v2\/media?parent=5"}],"curies":[{"name":"wp","href":"https:\/\/api.w.org\/{rel}","templated":true}]}}